{"id":54,"date":"2024-03-19T18:50:13","date_gmt":"2024-03-19T17:50:13","guid":{"rendered":"https:\/\/czerwonymak.com\/?page_id=54"},"modified":"2024-08-18T09:12:22","modified_gmt":"2024-08-18T07:12:22","slug":"o-nas","status":"publish","type":"page","link":"https:\/\/czerwonymak.com\/?page_id=54","title":{"rendered":"O nas"},"content":{"rendered":"\n<p><strong>\u201eNie wolno zostawia\u0107 \u015bwiata takim, jakim jest!\u201d<br>Janusz Korczak<\/strong><\/p>\n\n\n\n<p>Celem Fundacji <strong>Czerwony Mak<\/strong> jest organizowanie i niesienie pomocy <strong>humanitarnej<\/strong>, wspieranie wszechstronnego rozwoju dzieci i m\u0142odzie\u017cy oraz dzia\u0142alno\u015b\u0107 o\u015bwiatowo &#8211; kulturalna. Zapraszamy Was do <strong>wsp\u00f3\u0142tworzenia<\/strong> naszej Fundacji, do dzielenia si\u0119 pomys\u0142ami, do wsp\u00f3\u0142pracy z nami.<br><\/p>\n\n\n\n<p><strong>Zarz\u0105d Fundacji Czerwony Mak<\/strong><\/p>\n\n\n\n<div class=\"wp-block-media-text is-stacked-on-mobile\"><figure class=\"wp-block-media-text__media\"><img loading=\"lazy\" decoding=\"async\" width=\"768\" height=\"1024\" src=\"https:\/\/czerwonymak.com\/wp-content\/uploads\/2024\/03\/66698e97-e266-4a1d-8ea9-e086818ce986-768x1024.jpeg\" alt=\"\" class=\"wp-image-135 size-full\" srcset=\"https:\/\/czerwonymak.com\/wp-content\/uploads\/2024\/03\/66698e97-e266-4a1d-8ea9-e086818ce986-768x1024.jpeg 768w, https:\/\/czerwonymak.com\/wp-content\/uploads\/2024\/03\/66698e97-e266-4a1d-8ea9-e086818ce986-225x300.jpeg 225w, https:\/\/czerwonymak.com\/wp-content\/uploads\/2024\/03\/66698e97-e266-4a1d-8ea9-e086818ce986-1152x1536.jpeg 1152w, https:\/\/czerwonymak.com\/wp-content\/uploads\/2024\/03\/66698e97-e266-4a1d-8ea9-e086818ce986.jpeg 1536w\" sizes=\"auto, (max-width: 768px) 100vw, 768px\" \/><\/figure><div class=\"wp-block-media-text__content\">\n<p style=\"font-size:14px\">Edyta Mak &#8211; nauczycielka historii i j\u0119zyka polskiego, tutorka, trenerka i najwi\u0119ksza fanka mi\u0119dzynarodowego programu Odysei Umys\u0142u, wsp\u00f3\u0142za\u0142o\u017cycielka Autorskiej Szko\u0142y Podstawowej Navigo Pozna\u0144, autorka program\u00f3w autorskich oraz innowacji pedagogicznych.<br>Zach\u0119ca uczni\u00f3w i uczennice do wzi\u0119cia odpowiedzialno\u015bci za proces uczenia si\u0119, proponuje r\u00f3\u017cnorodne metody pracy. Wraz z nimi aktywizuje spo\u0142eczno\u015b\u0107 szkoln\u0105 realizacj\u0105 dni projektowych, konferencji b\u0119d\u0105cych odpowiedzi\u0105 na potrzeby uczennic i uczni\u00f3w, akcji charytatywnych, spotka\u0144 z herstori\u0105.<br>Pomys\u0142odawczyni i koordynatorka mi\u0119dzynarodowego projektu \u201eDzieci Mariupola\u201d. Uczestniczka i organizatorka transport\u00f3w pomocy do Ukrainy, organizatorka szeregu akcji na rzecz niesienia pomocy drugiemu cz\u0142owiekowi.<br>Fundatorka i prezeska Fundacji Czerwony Mak.<\/p>\n<\/div><\/div>\n\n\n\n<div class=\"wp-block-media-text is-stacked-on-mobile\"><figure class=\"wp-block-media-text__media\"><img loading=\"lazy\" decoding=\"async\" width=\"1024\" height=\"683\" src=\"https:\/\/czerwonymak.com\/wp-content\/uploads\/2024\/03\/972ec3a8-843f-4802-8102-53f8f647bb35-1-1024x683.jpeg\" alt=\"\" class=\"wp-image-113 size-full\" srcset=\"https:\/\/czerwonymak.com\/wp-content\/uploads\/2024\/03\/972ec3a8-843f-4802-8102-53f8f647bb35-1-1024x683.jpeg 1024w, https:\/\/czerwonymak.com\/wp-content\/uploads\/2024\/03\/972ec3a8-843f-4802-8102-53f8f647bb35-1-300x200.jpeg 300w, https:\/\/czerwonymak.com\/wp-content\/uploads\/2024\/03\/972ec3a8-843f-4802-8102-53f8f647bb35-1-768x512.jpeg 768w, https:\/\/czerwonymak.com\/wp-content\/uploads\/2024\/03\/972ec3a8-843f-4802-8102-53f8f647bb35-1-360x240.jpeg 360w, https:\/\/czerwonymak.com\/wp-content\/uploads\/2024\/03\/972ec3a8-843f-4802-8102-53f8f647bb35-1.jpeg 1080w\" sizes=\"auto, (max-width: 1024px) 100vw, 1024px\" \/><\/figure><div class=\"wp-block-media-text__content\">\n<p style=\"font-size:14px\">Anna Bielska &#8211; trenerka uwa\u017cno\u015bci i kreatywno\u015bci, filozofka, pasjonatka edukacji. Cz\u0142onkini i dzia\u0142aczka Fundacji Odyssey of the Mind Polska, za\u0142o\u017cycielka Stowarzyszenia Kreatywnego Poznania KreoTeam, w kt\u00f3rym pokazuje dzieciom i m\u0142odzie\u017cy jak rozwija\u0107 umiej\u0119tno\u015b\u0107 tw\u00f3rczego rozwi\u0105zywania zada\u0144 oraz jak uczy\u0107 si\u0119 m\u0105drze i skutecznie. Swoj\u0105 wiedz\u0105 i umiej\u0119tno\u015bciami dzieli si\u0119 r\u00f3wnie\u017c z doros\u0142ymi, kt\u00f3rych inspiruje do uwa\u017cnego bycia z sob\u0105 i z dzie\u0107mi. Wsp\u00f3\u0142za\u0142o\u017cycielka i dyrektorka Navigo Pozna\u0144, kt\u00f3ra we wsp\u00f3\u0142pracy z fantastycznym zespo\u0142em, z pasj\u0105, tworzy m\u0105dr\u0105 edukacj\u0119. <br>Od trzech lat zwi\u0105zana z \u201eDzie\u0107mi Mariupola\u201d.<br>Wiceprezeska Fundacji Czerwony Mak.<\/p>\n<\/div><\/div>\n\n\n\n<p><strong>Rada Programowa<\/strong><\/p>\n\n\n\n<div class=\"wp-block-media-text is-stacked-on-mobile\"><figure class=\"wp-block-media-text__media\"><img loading=\"lazy\" decoding=\"async\" width=\"632\" height=\"1024\" src=\"https:\/\/czerwonymak.com\/wp-content\/uploads\/2024\/04\/WhatsApp-Image-2024-04-17-at-21.21.22-632x1024.jpeg\" alt=\"\" class=\"wp-image-176 size-full\" srcset=\"https:\/\/czerwonymak.com\/wp-content\/uploads\/2024\/04\/WhatsApp-Image-2024-04-17-at-21.21.22-632x1024.jpeg 632w, https:\/\/czerwonymak.com\/wp-content\/uploads\/2024\/04\/WhatsApp-Image-2024-04-17-at-21.21.22-185x300.jpeg 185w, https:\/\/czerwonymak.com\/wp-content\/uploads\/2024\/04\/WhatsApp-Image-2024-04-17-at-21.21.22-768x1244.jpeg 768w, https:\/\/czerwonymak.com\/wp-content\/uploads\/2024\/04\/WhatsApp-Image-2024-04-17-at-21.21.22-948x1536.jpeg 948w, https:\/\/czerwonymak.com\/wp-content\/uploads\/2024\/04\/WhatsApp-Image-2024-04-17-at-21.21.22.jpeg 1264w\" sizes=\"auto, (max-width: 632px) 100vw, 632px\" \/><\/figure><div class=\"wp-block-media-text__content\">\n<p style=\"font-size:14px\">Piotr Marcinkowski &#8211; wolontariusz Fundacji Czerwony Mak od sierpnia 2023 r. Wcze\u015bniej zaanga\u017cowany w szereg drobnych projekt\u00f3w wsparcia dzieci i doros\u0142ych od 2016 r. W m\u0142odo\u015bci instruktor harcerski, nast\u0119pnie bibliotekarz akademicki, wyk\u0142adowca i pracownik korporacji. Dzi\u015b pasjonuje si\u0119 piwem rzemie\u015blniczym i pierogami, co znajduje wyraz w pracy w gastronomii. W wyprawach do Ukrainy najbardziej lubi przypadkowe spotkania i kr\u00f3tkie rozmowy cz\u0142owiek \u2013 cz\u0142owiek oraz barszcz.<br>Przewodnicz\u0105cy Rady Programowej Fundacji Czerwony Mak<\/p>\n<\/div><\/div>\n\n\n\n<div class=\"wp-block-media-text is-stacked-on-mobile\"><figure class=\"wp-block-media-text__media\"><img loading=\"lazy\" decoding=\"async\" width=\"576\" height=\"1024\" src=\"https:\/\/czerwonymak.com\/wp-content\/uploads\/2024\/03\/423c6cb1-0db9-4b98-8eff-0a17f1cb0141-576x1024.jpeg\" alt=\"\" class=\"wp-image-106 size-full\" srcset=\"https:\/\/czerwonymak.com\/wp-content\/uploads\/2024\/03\/423c6cb1-0db9-4b98-8eff-0a17f1cb0141-576x1024.jpeg 576w, https:\/\/czerwonymak.com\/wp-content\/uploads\/2024\/03\/423c6cb1-0db9-4b98-8eff-0a17f1cb0141-169x300.jpeg 169w, https:\/\/czerwonymak.com\/wp-content\/uploads\/2024\/03\/423c6cb1-0db9-4b98-8eff-0a17f1cb0141-768x1366.jpeg 768w, https:\/\/czerwonymak.com\/wp-content\/uploads\/2024\/03\/423c6cb1-0db9-4b98-8eff-0a17f1cb0141-864x1536.jpeg 864w, https:\/\/czerwonymak.com\/wp-content\/uploads\/2024\/03\/423c6cb1-0db9-4b98-8eff-0a17f1cb0141.jpeg 899w\" sizes=\"auto, (max-width: 576px) 100vw, 576px\" \/><\/figure><div class=\"wp-block-media-text__content\">\n<p style=\"font-size:14px\">\u0141ukasz Pawlak \u2013 organizator pomocy humanitarnej ju\u017c od drugiego dnia pe\u0142noskalowej wojny, \u0142\u0105czy swoje kontakty z ca\u0142ej Europy i Ukrainy. Wsp\u00f3\u0142pracowa\u0142 z nami w ramach projektu Dzieci Mariupola od maja 2022 r. \u0141\u0105czy nie tylko kropki, rozpieszcza dzieci, medyk\u00f3w i \u017co\u0142nierzy czekoladkami, organizuje transporty dobra z Anglii, jako krajowy koordynator pomocy humanitarnej White Eagle, ogarniania biurokratyczne mi\u0119so.<br>Przez d\u0142ugi czas broni\u0142 si\u0119 r\u0119koma i nogami przed dzia\u0142aniami w NGO, ale&#8230; na w\u00f3wczas pojawi\u0142 si\u0119 Czerwony Mak. Aktywny zawodowo w handlu zagranicznym w wolnych chwilach wolontariusz.<br>Cz\u0142onek Rady Programowej Fundacji Czerwony Mak<\/p>\n<\/div><\/div>\n\n\n\n<div class=\"wp-block-media-text has-media-on-the-right is-stacked-on-mobile\" style=\"grid-template-columns:auto 49%\"><div class=\"wp-block-media-text__content\">\n<p style=\"font-size:14px\">Tomasz Sikorski \u2013 na Ukrain\u0119 z pomoc\u0105 humanitarna je\u017adzi od marca 2022r, . Wolontariusz Fundacji Czerwony Mak od lipca 2022. Dzia\u0142a\u0142 w organizacjach pozarz\u0105dowych, wsp\u00f3\u0142opiniowa\u0142 wnioski Polskiej Pomocy. Korposzczur, dawniej analityk Polskiego Instytutu Spraw Mi\u0119dzynarodowych, logistyk i kierowca. Z wykszta\u0142cenia ekonomista, W wolnych chwilach wios\u0142uje. Po ka\u017cdym powrocie z Ukrainy przysi\u0119ga, \u017ce to by ostatni raz. I nast\u0119pnego dnia zaczyna przygotowywa\u0107 si\u0119 do kolejnego wyjazdu.<br>Cz\u0142onek Rady Programowej Fundacji Czerwony Mak<\/p>\n<\/div><figure class=\"wp-block-media-text__media\"><img loading=\"lazy\" decoding=\"async\" width=\"768\" height=\"1024\" src=\"https:\/\/czerwonymak.com\/wp-content\/uploads\/2024\/03\/cff56792-062a-41fe-96c8-e8aff4978c1a-1-768x1024.jpeg\" alt=\"\" class=\"wp-image-128 size-full\" srcset=\"https:\/\/czerwonymak.com\/wp-content\/uploads\/2024\/03\/cff56792-062a-41fe-96c8-e8aff4978c1a-1-768x1024.jpeg 768w, https:\/\/czerwonymak.com\/wp-content\/uploads\/2024\/03\/cff56792-062a-41fe-96c8-e8aff4978c1a-1-225x300.jpeg 225w, https:\/\/czerwonymak.com\/wp-content\/uploads\/2024\/03\/cff56792-062a-41fe-96c8-e8aff4978c1a-1-1152x1536.jpeg 1152w, https:\/\/czerwonymak.com\/wp-content\/uploads\/2024\/03\/cff56792-062a-41fe-96c8-e8aff4978c1a-1.jpeg 1488w\" sizes=\"auto, (max-width: 768px) 100vw, 768px\" \/><\/figure><\/div>\n\n\n\n<p>Wolontariusze<\/p>\n\n\n\n<div class=\"wp-block-media-text has-media-on-the-right is-stacked-on-mobile\"><div class=\"wp-block-media-text__content\">\n<p style=\"font-size:14px\">Jakub Wojtu\u0144 \u2013 prawnik, spo\u0142ecznik, pasjonat medycyny ratunkowej, mi\u0142o\u015bnik Warszawy, <br>a szczeg\u00f3lnie jej prawobrze\u017cnej cz\u0119\u015bci, podr\u00f3\u017cnik, wiecznie niespokojna dusza. Organizator i uczestnik konwoj\u00f3w na Ukrain\u0119, w tym w najbardziej odleg\u0142e i niebezpieczne miejsca. Zaanga\u017cowany w dzia\u0142alno\u015b\u0107 charytatywn\u0105 od 2015 roku, dostarcza\u0142 pomoc do dom\u00f3w dziecka, ludno\u015bci cywilnej, szpitali, stra\u017cak\u00f3w, wojskowych i ps\u00f3w. Za swoja dzia\u0142alno\u015b\u0107 niejednokrotnie nagradzany medalami i dyplomami. <br>Z \u201eDzie\u0107mi Mariupola\u201d zwi\u0105zany od pocz\u0105tku istnienia projektu.<br><\/p>\n<\/div><figure class=\"wp-block-media-text__media\"><img loading=\"lazy\" decoding=\"async\" width=\"482\" height=\"481\" src=\"https:\/\/czerwonymak.com\/wp-content\/uploads\/2024\/03\/60ceff27-d9a7-4ba1-b63b-d2399245e9db.jpeg\" alt=\"\" class=\"wp-image-104 size-full\" srcset=\"https:\/\/czerwonymak.com\/wp-content\/uploads\/2024\/03\/60ceff27-d9a7-4ba1-b63b-d2399245e9db.jpeg 482w, https:\/\/czerwonymak.com\/wp-content\/uploads\/2024\/03\/60ceff27-d9a7-4ba1-b63b-d2399245e9db-300x300.jpeg 300w, https:\/\/czerwonymak.com\/wp-content\/uploads\/2024\/03\/60ceff27-d9a7-4ba1-b63b-d2399245e9db-150x150.jpeg 150w\" sizes=\"auto, (max-width: 482px) 100vw, 482px\" \/><\/figure><\/div>\n\n\n\n<div class=\"wp-block-media-text has-media-on-the-right is-stacked-on-mobile\"><div class=\"wp-block-media-text__content\">\n<p style=\"font-size:14px\">Agnieszka Szajna \u2013 za\u0142o\u017cycielka MedicsTogether, grupy zosta\u0142a zainicjowanej przez pracownik\u00f3w medycznych pracuj\u0105cych na terenie Wielkiej Brytanii, kt\u00f3rzy z potrzeby serca pragn\u0105 ratowa\u0107 ludzkie \u017cycia tych, kt\u00f3rych dotkn\u0105\u0142 konflikt zbrojny. <br>Celem jest wspieranie medyk\u00f3w i szpitali w Ukrainie.<br>Agnieszka zajmie si\u0119 wsparciem lekarzy oraz personelu medycznego w szpitalach, zaopatrzeniem ich w zaawansowany sprz\u0119t medyczny, sprz\u0119t rehabilitacyjny oraz do terapii zaj\u0119ciowej weteran\u00f3w, wsparciem dom\u00f3w dziecka w niezb\u0119dny sprz\u0119t medyczny.<br><\/p>\n<\/div><figure class=\"wp-block-media-text__media\"><img loading=\"lazy\" decoding=\"async\" width=\"1024\" height=\"1005\" src=\"https:\/\/czerwonymak.com\/wp-content\/uploads\/2024\/03\/5aef6771-e237-4a4d-83a7-71509fe9210f-1024x1005.jpeg\" alt=\"\" class=\"wp-image-103 size-full\" srcset=\"https:\/\/czerwonymak.com\/wp-content\/uploads\/2024\/03\/5aef6771-e237-4a4d-83a7-71509fe9210f-1024x1005.jpeg 1024w, https:\/\/czerwonymak.com\/wp-content\/uploads\/2024\/03\/5aef6771-e237-4a4d-83a7-71509fe9210f-300x294.jpeg 300w, https:\/\/czerwonymak.com\/wp-content\/uploads\/2024\/03\/5aef6771-e237-4a4d-83a7-71509fe9210f-768x754.jpeg 768w, https:\/\/czerwonymak.com\/wp-content\/uploads\/2024\/03\/5aef6771-e237-4a4d-83a7-71509fe9210f.jpeg 1080w\" sizes=\"auto, (max-width: 1024px) 100vw, 1024px\" \/><\/figure><\/div>\n\n\n\n<div class=\"wp-block-media-text has-media-on-the-right is-stacked-on-mobile\"><div class=\"wp-block-media-text__content\">\n<p style=\"font-size:14px\">Kamila Witczak \u2013 lekarka w jednym z pozna\u0144skich szpitali klinicznych, specjalistka ginekologii i po\u0142o\u017cnictwa, w codziennej pracy zawodowej skupiona g\u0142\u00f3wnie na chirurgii i onkologii ginekologicznej. Leczy od blisko 20 lat. Pomaga \u201eod zawsze\u201d &#8230; Dzia\u0142alno\u015b\u0107 w projekcie \u201eDzieci Mariupola\u201d rozpocz\u0119\u0142a jako mama Zosi. Organizatorka licznych zbi\u00f3rek, pomocy medycznej, inicjatorka wsparcia kobiet w ci\u0105\u017cy. W Fundacji &#8220;Czerwony Mak&#8221; i koordynuje pomoc medyczn\u0105. Uwielbia podr\u00f3\u017ce i filmy Almodovara. Interesuje si\u0119 psychologi\u0105, w wolnym czasie biega i s\u0142ucha muzyki.<br>Specjalista do spraw medycznych w Fundacji Czerwony Mak<\/p>\n<\/div><figure class=\"wp-block-media-text__media\"><img loading=\"lazy\" decoding=\"async\" width=\"770\" height=\"765\" src=\"https:\/\/czerwonymak.com\/wp-content\/uploads\/2024\/03\/fe5ffc4f-fffd-4412-b0e6-57910184df64-1.jpeg\" alt=\"\" class=\"wp-image-130 size-full\" srcset=\"https:\/\/czerwonymak.com\/wp-content\/uploads\/2024\/03\/fe5ffc4f-fffd-4412-b0e6-57910184df64-1.jpeg 770w, https:\/\/czerwonymak.com\/wp-content\/uploads\/2024\/03\/fe5ffc4f-fffd-4412-b0e6-57910184df64-1-300x298.jpeg 300w, https:\/\/czerwonymak.com\/wp-content\/uploads\/2024\/03\/fe5ffc4f-fffd-4412-b0e6-57910184df64-1-150x150.jpeg 150w, https:\/\/czerwonymak.com\/wp-content\/uploads\/2024\/03\/fe5ffc4f-fffd-4412-b0e6-57910184df64-1-768x763.jpeg 768w\" sizes=\"auto, (max-width: 770px) 100vw, 770px\" \/><\/figure><\/div>\n\n\n\n<div class=\"wp-block-media-text is-stacked-on-mobile\"><figure class=\"wp-block-media-text__media\"><img loading=\"lazy\" decoding=\"async\" width=\"1017\" height=\"1024\" src=\"https:\/\/czerwonymak.com\/wp-content\/uploads\/2024\/03\/f2190fb7-8a48-4785-a9a8-02e105ce8ec1-1017x1024.jpeg\" alt=\"\" class=\"wp-image-110 size-full\" srcset=\"https:\/\/czerwonymak.com\/wp-content\/uploads\/2024\/03\/f2190fb7-8a48-4785-a9a8-02e105ce8ec1-1017x1024.jpeg 1017w, https:\/\/czerwonymak.com\/wp-content\/uploads\/2024\/03\/f2190fb7-8a48-4785-a9a8-02e105ce8ec1-298x300.jpeg 298w, https:\/\/czerwonymak.com\/wp-content\/uploads\/2024\/03\/f2190fb7-8a48-4785-a9a8-02e105ce8ec1-150x150.jpeg 150w, https:\/\/czerwonymak.com\/wp-content\/uploads\/2024\/03\/f2190fb7-8a48-4785-a9a8-02e105ce8ec1-768x773.jpeg 768w, https:\/\/czerwonymak.com\/wp-content\/uploads\/2024\/03\/f2190fb7-8a48-4785-a9a8-02e105ce8ec1.jpeg 1080w\" sizes=\"auto, (max-width: 1017px) 100vw, 1017px\" \/><\/figure><div class=\"wp-block-media-text__content\">\n<p style=\"font-size:14px\">Aleksander Raczy\u0144ski &#8211; radca prawny, doktor nauk prawnych, partner i wsp\u00f3\u0142za\u0142o\u017cyciel kancelarii Kolegial. To nie tylko \u015bwietny prawnik, ale tak\u017ce wspania\u0142y towarzysz podr\u00f3\u017cy w wielu wyprawach po Ukrainie, Mo\u0142dawii i Bia\u0142orusi. W Fundacji Czerwony Mak obj\u0105\u0142 opiek\u0105 wszystkie jest prawne elementy.<\/p>\n<\/div><\/div>\n\n\n\n<p><\/p>\n\n\n\n<p>Fundacja Czerwony Mak to suma r\u00f3\u017cnych talent\u00f3w! Mo\u017cna nas wspom\u00f3c na wiele sposob\u00f3w. Zapraszamy!<\/p>\n","protected":false},"excerpt":{"rendered":"<p>\u201eNie wolno zostawia\u0107 \u015bwiata takim, jakim jest!\u201dJanusz Korczak Celem Fundacji Czerwony Mak jest organizowanie i niesienie pomocy humanitarnej, wspieranie wszechstronnego rozwoju dzieci i m\u0142odzie\u017cy oraz dzia\u0142alno\u015b\u0107 o\u015bwiatowo &#8211; kulturalna. Zapraszamy Was do wsp\u00f3\u0142tworzenia naszej Fundacji, do dzielenia si\u0119 pomys\u0142ami, do wsp\u00f3\u0142pracy z nami. Zarz\u0105d Fundacji Czerwony Mak Edyta Mak &#8211; [&hellip;]<\/p>\n","protected":false},"author":1,"featured_media":0,"parent":0,"menu_order":0,"comment_status":"closed","ping_status":"closed","template":"","meta":{"footnotes":""},"class_list":["post-54","page","type-page","status-publish","hentry"],"_links":{"self":[{"href":"https:\/\/czerwonymak.com\/index.php?rest_route=\/wp\/v2\/pages\/54","targetHints":{"allow":["GET"]}}],"collection":[{"href":"https:\/\/czerwonymak.com\/index.php?rest_route=\/wp\/v2\/pages"}],"about":[{"href":"https:\/\/czerwonymak.com\/index.php?rest_route=\/wp\/v2\/types\/page"}],"author":[{"embeddable":true,"href":"https:\/\/czerwonymak.com\/index.php?rest_route=\/wp\/v2\/users\/1"}],"replies":[{"embeddable":true,"href":"https:\/\/czerwonymak.com\/index.php?rest_route=%2Fwp%2Fv2%2Fcomments&post=54"}],"version-history":[{"count":23,"href":"https:\/\/czerwonymak.com\/index.php?rest_route=\/wp\/v2\/pages\/54\/revisions"}],"predecessor-version":[{"id":183,"href":"https:\/\/czerwonymak.com\/index.php?rest_route=\/wp\/v2\/pages\/54\/revisions\/183"}],"wp:attachment":[{"href":"https:\/\/czerwonymak.com\/index.php?rest_route=%2Fwp%2Fv2%2Fmedia&parent=54"}],"curies":[{"name":"wp","href":"https:\/\/api.w.org\/{rel}","templated":true}]}}