{"id":2,"date":"2024-03-19T15:27:11","date_gmt":"2024-03-19T14:27:11","guid":{"rendered":"https:\/\/czerwonymak.com\/?page_id=2"},"modified":"2024-04-15T19:14:47","modified_gmt":"2024-04-15T17:14:47","slug":"przykladowa-strona","status":"publish","type":"page","link":"https:\/\/czerwonymak.com\/?page_id=2","title":{"rendered":"Wsparcie"},"content":{"rendered":"\n<h2 class=\"wp-block-heading\"><\/h2>\n\n\n\n<figure class=\"wp-block-gallery has-nested-images columns-default is-cropped wp-block-gallery-1 is-layout-flex wp-block-gallery-is-layout-flex\"><\/figure>\n\n\n\n<div class=\"wp-block-group\"><div class=\"wp-block-group__inner-container is-layout-constrained wp-block-group-is-layout-constrained\">\n<h1 class=\"wp-block-heading\"><\/h1>\n\n\n\n<div class=\"project-content story mt-lg-0 mt-3\">\n<iframe loading=\"lazy\" frameborder=\"0\" width=\"430\" height=\"500\" scrolling=\"no\" src=\"https:\/\/pomagam.pl\/mg8k7m\/widget\/large\/\"><\/iframe>\n\n\n<p><\/p>\n<p><span>Historie naszych fundacyjnych awarii aut zna wielu. Za nami sprz\u0119g\u0142o, kt\u00f3re odm\u00f3wi\u0142o pos\u0142usze\u0144stwa tu\u017c za blocpostem pod Charkowem, klocki hamulcowe, kt\u00f3rych nie by\u0142o, walka z systemem dpf czy p\u0119kaj\u0105ce opony: jedna, druga, trzecia&#8230;<\/span><\/p>\n<p>Dzi\u0119ki darczy\u0144com, mamy co wozi\u0107. Wiemy komu i co jest potrzebne. Nie brak nam ch\u0119tnych r\u0105k do pracy. Potrzebujemy tylko samochod\u00f3w i paliwa.<\/p>\n<p>Dlatego podj\u0119li\u015bmy decyzj\u0119 o zorganizowaniu zbi\u00f3rki na nasze auta. By\u0142a to decyzja trudna, bo wszystkie \u015brodki zawsze przeznaczamy na pomoc. Kwestia zakwaterowania czy wy\u017cywienia zawsze by\u0142a op\u0142acalna z prywatnego bud\u017cetu wolontariuszy.<\/p>\n<p>Pom\u00f3\u017ccie nam pomaga\u0107!<\/p>\n<p>Link do zbi\u00f3rki:&nbsp; <a href=\"https:\/\/pomagam.pl\/mg8k7m\/\">https:\/\/pomagam.pl\/mg8k7m\/&nbsp;<\/a><\/p>\n<p>Dane konta do wp\u0142at: Fundacja Czerwony Mak, Santander Bank 26109018540000000153809076.<\/p>\n<p><\/p>\n<\/div>\n<\/div><\/div>\n","protected":false},"excerpt":{"rendered":"<p>Historie naszych fundacyjnych awarii aut zna wielu. Za nami sprz\u0119g\u0142o, kt\u00f3re odm\u00f3wi\u0142o pos\u0142usze\u0144stwa tu\u017c za blocpostem pod Charkowem, klocki hamulcowe, kt\u00f3rych nie by\u0142o, walka z systemem dpf czy p\u0119kaj\u0105ce opony: jedna, druga, trzecia&#8230; Dzi\u0119ki darczy\u0144com, mamy co wozi\u0107. Wiemy komu i co jest potrzebne. Nie brak nam ch\u0119tnych r\u0105k do [&hellip;]<\/p>\n","protected":false},"author":1,"featured_media":0,"parent":0,"menu_order":0,"comment_status":"closed","ping_status":"open","template":"","meta":{"footnotes":""},"class_list":["post-2","page","type-page","status-publish","hentry"],"_links":{"self":[{"href":"https:\/\/czerwonymak.com\/index.php?rest_route=\/wp\/v2\/pages\/2","targetHints":{"allow":["GET"]}}],"collection":[{"href":"https:\/\/czerwonymak.com\/index.php?rest_route=\/wp\/v2\/pages"}],"about":[{"href":"https:\/\/czerwonymak.com\/index.php?rest_route=\/wp\/v2\/types\/page"}],"author":[{"embeddable":true,"href":"https:\/\/czerwonymak.com\/index.php?rest_route=\/wp\/v2\/users\/1"}],"replies":[{"embeddable":true,"href":"https:\/\/czerwonymak.com\/index.php?rest_route=%2Fwp%2Fv2%2Fcomments&post=2"}],"version-history":[{"count":13,"href":"https:\/\/czerwonymak.com\/index.php?rest_route=\/wp\/v2\/pages\/2\/revisions"}],"predecessor-version":[{"id":171,"href":"https:\/\/czerwonymak.com\/index.php?rest_route=\/wp\/v2\/pages\/2\/revisions\/171"}],"wp:attachment":[{"href":"https:\/\/czerwonymak.com\/index.php?rest_route=%2Fwp%2Fv2%2Fmedia&parent=2"}],"curies":[{"name":"wp","href":"https:\/\/api.w.org\/{rel}","templated":true}]}}