{"id":14,"date":"2024-03-19T17:44:51","date_gmt":"2024-03-19T16:44:51","guid":{"rendered":"https:\/\/czerwonymak.com\/?page_id=14"},"modified":"2024-04-19T10:51:29","modified_gmt":"2024-04-19T08:51:29","slug":"strona-glowna","status":"publish","type":"page","link":"https:\/\/czerwonymak.com\/","title":{"rendered":"Strona g\u0142\u00f3wna"},"content":{"rendered":"\n<figure class=\"wp-block-gallery has-nested-images columns-default is-cropped wp-block-gallery-1 is-layout-flex wp-block-gallery-is-layout-flex\">\n<figure class=\"wp-block-image size-large\"><img loading=\"lazy\" decoding=\"async\" width=\"1024\" height=\"768\" data-id=\"140\" src=\"https:\/\/czerwonymak.com\/wp-content\/uploads\/2024\/03\/69420a3e-6711-4d75-aec2-4ec4b719e357-1024x768.jpeg\" alt=\"\" class=\"wp-image-140\" srcset=\"https:\/\/czerwonymak.com\/wp-content\/uploads\/2024\/03\/69420a3e-6711-4d75-aec2-4ec4b719e357-1024x768.jpeg 1024w, https:\/\/czerwonymak.com\/wp-content\/uploads\/2024\/03\/69420a3e-6711-4d75-aec2-4ec4b719e357-300x225.jpeg 300w, https:\/\/czerwonymak.com\/wp-content\/uploads\/2024\/03\/69420a3e-6711-4d75-aec2-4ec4b719e357-768x576.jpeg 768w, https:\/\/czerwonymak.com\/wp-content\/uploads\/2024\/03\/69420a3e-6711-4d75-aec2-4ec4b719e357-1536x1152.jpeg 1536w, https:\/\/czerwonymak.com\/wp-content\/uploads\/2024\/03\/69420a3e-6711-4d75-aec2-4ec4b719e357.jpeg 2048w\" sizes=\"auto, (max-width: 1024px) 100vw, 1024px\" \/><\/figure>\n\n\n\n<figure class=\"wp-block-image size-large\"><img loading=\"lazy\" decoding=\"async\" width=\"1024\" height=\"768\" data-id=\"139\" src=\"https:\/\/czerwonymak.com\/wp-content\/uploads\/2024\/03\/7b18e0ca-7d58-4d6c-a905-f9039df7d8fd-1024x768.jpeg\" alt=\"\" class=\"wp-image-139\" srcset=\"https:\/\/czerwonymak.com\/wp-content\/uploads\/2024\/03\/7b18e0ca-7d58-4d6c-a905-f9039df7d8fd-1024x768.jpeg 1024w, https:\/\/czerwonymak.com\/wp-content\/uploads\/2024\/03\/7b18e0ca-7d58-4d6c-a905-f9039df7d8fd-300x225.jpeg 300w, https:\/\/czerwonymak.com\/wp-content\/uploads\/2024\/03\/7b18e0ca-7d58-4d6c-a905-f9039df7d8fd-768x576.jpeg 768w, https:\/\/czerwonymak.com\/wp-content\/uploads\/2024\/03\/7b18e0ca-7d58-4d6c-a905-f9039df7d8fd-1536x1152.jpeg 1536w, https:\/\/czerwonymak.com\/wp-content\/uploads\/2024\/03\/7b18e0ca-7d58-4d6c-a905-f9039df7d8fd.jpeg 1984w\" sizes=\"auto, (max-width: 1024px) 100vw, 1024px\" \/><\/figure>\n<\/figure>\n\n\n\n<p><\/p>\n\n\n\n<p>Jeste\u015bmy grup\u0105 polskich <strong>wolontariuszy<\/strong> nios\u0105cych pomoc w Ukrainie i w Polsce. Naszym celem jest niesienie <strong>pomocy <\/strong>drugiemu czlowiekowi, temu ma\u0142emu i temu du\u017cemu. Organizujemy wsparcie i pomoc humanitarna dla tych, kt\u00f3rzy tego potrzebuj\u0105. Dzia\u0142amy w Ukrainie od <strong>2016<\/strong> r. zaczynaj\u0105c od pomocy dzieciom, w ramach projektu Dzieci Mariupola. Od kwietnia 2023 r., jako Fundacja <strong>Czerwony Mak<\/strong>, pomagamy dzieciom, \u017co\u0142nierzom, medykom, czworonogom i innym potrzebuj\u0105cym wsparcia w walcz\u0105cej <strong>Ukrainie<\/strong>.<\/p>\n\n\n\n<p>Zapraszamy do wsp\u00f3\u0142pracy! <strong>Pom\u00f3\u017c <\/strong>nam pomaga\u0107!<\/p>\n\n\n\n<figure class=\"wp-block-gallery has-nested-images columns-default is-cropped wp-block-gallery-2 is-layout-flex wp-block-gallery-is-layout-flex\">\n<figure class=\"wp-block-image size-large\"><img loading=\"lazy\" decoding=\"async\" width=\"1024\" height=\"1005\" data-id=\"177\" src=\"https:\/\/czerwonymak.com\/wp-content\/uploads\/2024\/04\/WhatsApp-Image-2024-04-17-at-21.08.31-1024x1005.jpeg\" alt=\"\" class=\"wp-image-177\" srcset=\"https:\/\/czerwonymak.com\/wp-content\/uploads\/2024\/04\/WhatsApp-Image-2024-04-17-at-21.08.31-1024x1005.jpeg 1024w, https:\/\/czerwonymak.com\/wp-content\/uploads\/2024\/04\/WhatsApp-Image-2024-04-17-at-21.08.31-300x294.jpeg 300w, https:\/\/czerwonymak.com\/wp-content\/uploads\/2024\/04\/WhatsApp-Image-2024-04-17-at-21.08.31-768x754.jpeg 768w, https:\/\/czerwonymak.com\/wp-content\/uploads\/2024\/04\/WhatsApp-Image-2024-04-17-at-21.08.31.jpeg 1455w\" sizes=\"auto, (max-width: 1024px) 100vw, 1024px\" \/><\/figure>\n\n\n\n<figure class=\"wp-block-image size-large\"><img loading=\"lazy\" decoding=\"async\" width=\"1024\" height=\"811\" data-id=\"178\" src=\"https:\/\/czerwonymak.com\/wp-content\/uploads\/2024\/04\/WhatsApp-Image-2024-04-17-at-21.08.13-1024x811.jpeg\" alt=\"\" class=\"wp-image-178\" srcset=\"https:\/\/czerwonymak.com\/wp-content\/uploads\/2024\/04\/WhatsApp-Image-2024-04-17-at-21.08.13-1024x811.jpeg 1024w, https:\/\/czerwonymak.com\/wp-content\/uploads\/2024\/04\/WhatsApp-Image-2024-04-17-at-21.08.13-300x238.jpeg 300w, https:\/\/czerwonymak.com\/wp-content\/uploads\/2024\/04\/WhatsApp-Image-2024-04-17-at-21.08.13-768x608.jpeg 768w, https:\/\/czerwonymak.com\/wp-content\/uploads\/2024\/04\/WhatsApp-Image-2024-04-17-at-21.08.13-1536x1216.jpeg 1536w, https:\/\/czerwonymak.com\/wp-content\/uploads\/2024\/04\/WhatsApp-Image-2024-04-17-at-21.08.13.jpeg 1763w\" sizes=\"auto, (max-width: 1024px) 100vw, 1024px\" \/><\/figure>\n<\/figure>\n","protected":false},"excerpt":{"rendered":"<p>Jeste\u015bmy grup\u0105 polskich wolontariuszy nios\u0105cych pomoc w Ukrainie i w Polsce. Naszym celem jest niesienie pomocy drugiemu czlowiekowi, temu ma\u0142emu i temu du\u017cemu. Organizujemy wsparcie i pomoc humanitarna dla tych, kt\u00f3rzy tego potrzebuj\u0105. Dzia\u0142amy w Ukrainie od 2016 r. zaczynaj\u0105c od pomocy dzieciom, w ramach projektu Dzieci Mariupola. Od kwietnia [&hellip;]<\/p>\n","protected":false},"author":1,"featured_media":0,"parent":0,"menu_order":0,"comment_status":"closed","ping_status":"closed","template":"","meta":{"footnotes":""},"class_list":["post-14","page","type-page","status-publish","hentry"],"_links":{"self":[{"href":"https:\/\/czerwonymak.com\/index.php?rest_route=\/wp\/v2\/pages\/14","targetHints":{"allow":["GET"]}}],"collection":[{"href":"https:\/\/czerwonymak.com\/index.php?rest_route=\/wp\/v2\/pages"}],"about":[{"href":"https:\/\/czerwonymak.com\/index.php?rest_route=\/wp\/v2\/types\/page"}],"author":[{"embeddable":true,"href":"https:\/\/czerwonymak.com\/index.php?rest_route=\/wp\/v2\/users\/1"}],"replies":[{"embeddable":true,"href":"https:\/\/czerwonymak.com\/index.php?rest_route=%2Fwp%2Fv2%2Fcomments&post=14"}],"version-history":[{"count":15,"href":"https:\/\/czerwonymak.com\/index.php?rest_route=\/wp\/v2\/pages\/14\/revisions"}],"predecessor-version":[{"id":179,"href":"https:\/\/czerwonymak.com\/index.php?rest_route=\/wp\/v2\/pages\/14\/revisions\/179"}],"wp:attachment":[{"href":"https:\/\/czerwonymak.com\/index.php?rest_route=%2Fwp%2Fv2%2Fmedia&parent=14"}],"curies":[{"name":"wp","href":"https:\/\/api.w.org\/{rel}","templated":true}]}}